{"id":36,"date":"2017-08-31T06:03:26","date_gmt":"2017-08-31T06:03:26","guid":{"rendered":"https:\/\/www.delamode-estonia.com\/en\/?page_id=36"},"modified":"2022-09-20T13:37:00","modified_gmt":"2022-09-20T13:37:00","slug":"career","status":"publish","type":"page","link":"https:\/\/delamode-estonia.com\/ee\/career\/","title":{"rendered":"Karj\u00e4\u00e4r"},"content":{"rendered":"<p><\/p>\n<h2><span lang=\"SV\">Delamode lubab pakkuda rahuldust pakkuvat karj\u00e4\u00e4ri<\/span><\/h2>\n<p><span style=\"font-size: 12.0pt; color: black;\">Delamode Estonias saad sa lisaks t\u00f6\u00f6kohale ka suurep\u00e4rased v\u00f5imalused karj\u00e4\u00e4riks. Kirg ja p\u00fchendumus on need, mis viivad sihile!\u00a0<\/span><span lang=\"SV\">Sellel p\u00f5neval teel edule \u00fcmbritsevad sind abivalmid ja kirglikud kolleegid. Meie edu saladus peitub meeskonnat\u00f6\u00f6s. V\u00f5imalus t\u00f6\u00f6tada koos s\u00f5pradega, v\u00f5imalus end vabalt v\u00e4ljendada ja olla toetatud abivalmis meeskonna poolt on see miski, mis muudab iga t\u00f6\u00f6p\u00e4eva meeldivaks.<\/span><\/p>\n<h3><span style=\"font-size: 12.0pt; color: black;\">Kirg. Energia. Entusiasm.\u00a0<\/span><\/h3>\n<p><span lang=\"SV\">Hoiame alati silmad-k\u00f5rvad lahti p\u00fc\u00fcdes leida isikuid, kes ei karda v\u00e4ljakutseid ja kes teevad meie organisatsiooni paremaks. <\/span><\/p>\n<p><span lang=\"SV\">Teame, et edu seisneb motiveeritud ja koolitatud spetsialistide meeskonnas\u00a0<\/span><span style=\"font-size: 12.0pt; color: black;\">ning t\u00f6\u00f6le p\u00fchendumises. Usume, et iga meie t\u00f6\u00f6taja omab olulist rolli meie arengus firmana. Seet\u00f5ttu pakume me omalt poolt lisaks ka\u00a0erinevaid koolitusi ning\u00a0teisi\u00a0toredaid\u00a0v\u00f5imalusi eduka ja rahuldust pakutava karj\u00e4\u00e4ri tegemiseks.<\/span><\/p>\n<p>","protected":false},"excerpt":{"rendered":"<p>Delamode lubab pakkuda rahuldust pakkuvat karj\u00e4\u00e4ri Delamode Estonias saad sa lisaks t\u00f6\u00f6kohale ka suurep\u00e4rased v\u00f5imalused karj\u00e4\u00e4riks. Kirg ja p\u00fchendumus on need, mis viivad sihile!\u00a0Sellel p\u00f5neval teel edule \u00fcmbritsevad sind abivalmid ja kirglikud kolleegid. Meie edu saladus peitub meeskonnat\u00f6\u00f6s. V\u00f5imalus t\u00f6\u00f6tada koos s\u00f5pradega, v\u00f5imalus end vabalt v\u00e4ljendada ja olla toetatud abivalmis meeskonna poolt on see miski, [&hellip;]<\/p>\n","protected":false},"author":1,"featured_media":38,"parent":0,"menu_order":0,"comment_status":"closed","ping_status":"closed","template":"pages\/career.php","meta":[],"acf":[],"aioseo_notices":[],"_links":{"self":[{"href":"https:\/\/delamode-estonia.com\/ee\/wp-json\/wp\/v2\/pages\/36"}],"collection":[{"href":"https:\/\/delamode-estonia.com\/ee\/wp-json\/wp\/v2\/pages"}],"about":[{"href":"https:\/\/delamode-estonia.com\/ee\/wp-json\/wp\/v2\/types\/page"}],"author":[{"embeddable":true,"href":"https:\/\/delamode-estonia.com\/ee\/wp-json\/wp\/v2\/users\/1"}],"replies":[{"embeddable":true,"href":"https:\/\/delamode-estonia.com\/ee\/wp-json\/wp\/v2\/comments?post=36"}],"version-history":[{"count":20,"href":"https:\/\/delamode-estonia.com\/ee\/wp-json\/wp\/v2\/pages\/36\/revisions"}],"predecessor-version":[{"id":2724,"href":"https:\/\/delamode-estonia.com\/ee\/wp-json\/wp\/v2\/pages\/36\/revisions\/2724"}],"wp:featuredmedia":[{"embeddable":true,"href":"https:\/\/delamode-estonia.com\/ee\/wp-json\/wp\/v2\/media\/38"}],"wp:attachment":[{"href":"https:\/\/delamode-estonia.com\/ee\/wp-json\/wp\/v2\/media?parent=36"}],"curies":[{"name":"wp","href":"https:\/\/api.w.org\/{rel}","templated":true}]}}