{"id":45,"date":"2017-08-31T07:08:11","date_gmt":"2017-08-31T07:08:11","guid":{"rendered":"https:\/\/www.delamode-estonia.com\/en\/?page_id=45"},"modified":"2020-04-14T16:13:01","modified_gmt":"2020-04-14T16:13:01","slug":"about-xpediator","status":"publish","type":"page","link":"https:\/\/delamode-estonia.com\/ee\/about-xpediator\/","title":{"rendered":"Xpediator Plc ettev\u00f5ttest"},"content":{"rendered":"<p><\/p>\n<h2>Xpediator Plc ettev\u00f5ttest<\/h2>\n<p>Xpediator Plc on Xpediator Grupi emaettev\u00f5te, mis kaupleb mitmesuguste br\u00e4ndidega. Algup\u00e4rase \u00e4ri, mis tegutses nime all &#8220;Delamode&#8221;, l\u00f5i aastal 1988 Stephen Blyth (Grupi tegevdirektor), ning see pakkus kaubaveo teenuseid Suurbritannias. T\u00e4naseks on Grupi rahvusvaheliste kontorite v\u00f5rgustik kasvanud ning pakub kaubaveo teenuseid maa, mere ja \u00f5hu kaudu. Samuti tegeleb ettev\u00f5te logistika ning kaubaladustamise teenustega Suurbritannias ja Rumeenias.<\/p>\n<p>Xpediator on aktiivselt tegev Kesk- ja Ida-Euroopas ning Balti riikides. Grupp pakub hetkel t\u00f6\u00f6d rohkem kui 1000 inimesele ning peakontor asub Braintree linnas Essexis. Kontorid asuvad ka Bulgaarias, Leedus, Eestis, Makedoonias, Montenegros, Moldovas, Rumeenias ning Serbias, kokku 38 erinevas asukohas.<\/p>\n<p>Grupp on tegev kolmes peamises \u00e4rivaldkonnas, mida igap\u00e4evaselt juhitakse autonoomselt, kuid ristm\u00fc\u00fcgi h\u00f5lbustamiseks on kliendibaas on \u00fchine:<\/p>\n<ul>\n<li>Kaubavedu: toimub Delamode, Benfleet, Regional Express, ja EshopWebdrop br\u00e4ndinimede alt ning on ajalooliselt spetsialiseerunud sooritama vedusid Suurbritanniast Kesk- ja Ida-Euroopasse.<\/li>\n<li>Logistika ja laoteenused: selle valdkonna moodustavad jaotuspunktid ja logistikakeskused Suurbritannias, Bulgaarias, ja Rumeenias. Kasutatakse Delamode, EMT ja Pall-Ex br\u00e4nde.<\/li>\n<li>Transporditeenused: kaasa arvatud k\u00fctuse- ja tollikaartide v\u00e4ljastamine peamiselt Rumeenias, kuid ka Serbias, Makedoonias, ja Montenegros, kus k\u00f5igis tegutsetakse Affinity Transport Solutions br\u00e4ndinime all<\/li>\n<\/ul>\n<p><\/p>","protected":false},"excerpt":{"rendered":"<p>Xpediator Plc ettev\u00f5ttest Xpediator Plc on Xpediator Grupi emaettev\u00f5te, mis kaupleb mitmesuguste br\u00e4ndidega. Algup\u00e4rase \u00e4ri, mis tegutses nime all &#8220;Delamode&#8221;, l\u00f5i aastal 1988 Stephen Blyth (Grupi tegevdirektor), ning see pakkus kaubaveo teenuseid Suurbritannias. T\u00e4naseks on Grupi rahvusvaheliste kontorite v\u00f5rgustik kasvanud ning pakub kaubaveo teenuseid maa, mere ja \u00f5hu kaudu. Samuti tegeleb ettev\u00f5te logistika ning kaubaladustamise [&hellip;]<\/p>\n","protected":false},"author":1,"featured_media":0,"parent":0,"menu_order":0,"comment_status":"closed","ping_status":"closed","template":"pages\/xpediator.php","meta":[],"acf":[],"aioseo_notices":[],"_links":{"self":[{"href":"https:\/\/delamode-estonia.com\/ee\/wp-json\/wp\/v2\/pages\/45"}],"collection":[{"href":"https:\/\/delamode-estonia.com\/ee\/wp-json\/wp\/v2\/pages"}],"about":[{"href":"https:\/\/delamode-estonia.com\/ee\/wp-json\/wp\/v2\/types\/page"}],"author":[{"embeddable":true,"href":"https:\/\/delamode-estonia.com\/ee\/wp-json\/wp\/v2\/users\/1"}],"replies":[{"embeddable":true,"href":"https:\/\/delamode-estonia.com\/ee\/wp-json\/wp\/v2\/comments?post=45"}],"version-history":[{"count":7,"href":"https:\/\/delamode-estonia.com\/ee\/wp-json\/wp\/v2\/pages\/45\/revisions"}],"predecessor-version":[{"id":1679,"href":"https:\/\/delamode-estonia.com\/ee\/wp-json\/wp\/v2\/pages\/45\/revisions\/1679"}],"wp:attachment":[{"href":"https:\/\/delamode-estonia.com\/ee\/wp-json\/wp\/v2\/media?parent=45"}],"curies":[{"name":"wp","href":"https:\/\/api.w.org\/{rel}","templated":true}]}}