{"id":49,"date":"2017-08-31T07:23:53","date_gmt":"2017-08-31T07:23:53","guid":{"rendered":"https:\/\/www.delamode-estonia.com\/en\/?page_id=49"},"modified":"2024-03-25T12:12:30","modified_gmt":"2024-03-25T12:12:30","slug":"abous-us","status":"publish","type":"page","link":"https:\/\/delamode-estonia.com\/ee\/abous-us\/","title":{"rendered":"Meist"},"content":{"rendered":"<p><\/p>\n<p><img decoding=\"async\" class=\"alignright size-full wp-image-1373\" src=\"https:\/\/blanchedalmond-skunk-654286.hostingersite.com\/wp-content\/uploads\/2018\/06\/Vital-link_800px.jpg\" alt=\"\" width=\"100%\" srcset=\"https:\/\/delamode-estonia.com\/wp-content\/uploads\/2018\/06\/Vital-link_800px.jpg 800w, https:\/\/delamode-estonia.com\/wp-content\/uploads\/2018\/06\/Vital-link_800px-300x142.jpg 300w, https:\/\/delamode-estonia.com\/wp-content\/uploads\/2018\/06\/Vital-link_800px-768x364.jpg 768w, https:\/\/delamode-estonia.com\/wp-content\/uploads\/2018\/06\/Vital-link_800px-179x85.jpg 179w\" sizes=\"(max-width: 800px) 100vw, 800px\" \/><\/p>\n<h3>Delamode Estonia on rahvusvaheline logistikaettev\u00f5tte, mis kuulub Delamode Gruppi. M\u00f5eldes klientide n\u00f5udmistele ja vajadustele pakume alati t\u00f5husat lahendust ja usaldusv\u00e4\u00e4rset veoteenust.<\/h3>\n<p>Oleme teie asendamatu abiline logistika ja transpordi k\u00fcsimustes Eestis. Valides meid, usaldad oma koorma spetsialistide k\u00e4tte. Osutame turvalist ja\u00a0 t\u00f5husa maantee-, \u00f5hu- kui ka mereveoteenust Euroopa, Skandinaavia. Baltikumi riikide vahel toimetame kaubad 24\/48h tunni jooksul.<\/p>\n<p><span style=\"color: #034ea2;\"><strong>Meie teenused<\/strong><\/span><\/p>\n<ul>\n<li>Grupikauba vedu \u00fcle terve Euroopa<\/li>\n<li>Osa- ja t\u00e4iskoormad (Baltikum&amp;Euroopa)<\/li>\n<li>Eestisisene transport<\/li>\n<li>\u00d5hu- ja meretransport<\/li>\n<\/ul>\n<p><strong>Sinu kaup on turvalistes k\u00e4tes<\/strong><\/p>\n<p>Viime ja toome sinu kauba kohale turvaliselt, kiirelt ja soodsalt olenemata sellest, kas tegu on paki v\u00f5i t\u00e4iskoormaga.<\/p>\n<p>T\u00e4nu meie kogemusele, logistika v\u00f5rgustikule ja kasutatavale tehnoloogiale, saad individuaalselt v\u00e4lja t\u00f6\u00f6tatud veolahenduse. Teenindame palju kliente ning tagame alati parima teenuse hinna-kvaliteedi suhte. Juhul kui vajad konsolideerimisteenust, osa- v\u00f5i t\u00e4iskoorma veolahendust, siis meie teame, kuidas sind aidata ja transpordikulusid kokku hoida.<\/p>\n<p>Teostame vedusid alates pisipakist kuni t\u00e4iskoormani. Individuaalne teenindus ja pandlikud lahendused aitavad luua ausat koost\u00f6\u00f6suhet.<\/p>\n<p>","protected":false},"excerpt":{"rendered":"<p>Delamode Estonia on rahvusvaheline logistikaettev\u00f5tte, mis kuulub Delamode Gruppi. M\u00f5eldes klientide n\u00f5udmistele ja vajadustele pakume alati t\u00f5husat lahendust ja usaldusv\u00e4\u00e4rset veoteenust. Oleme teie asendamatu abiline logistika ja transpordi k\u00fcsimustes Eestis. Valides meid, usaldad oma koorma spetsialistide k\u00e4tte. Osutame turvalist ja\u00a0 t\u00f5husa maantee-, \u00f5hu- kui ka mereveoteenust Euroopa, Skandinaavia. Baltikumi riikide vahel toimetame kaubad 24\/48h tunni [&hellip;]<\/p>\n","protected":false},"author":1,"featured_media":0,"parent":0,"menu_order":0,"comment_status":"closed","ping_status":"closed","template":"pages\/about_us.php","meta":[],"acf":[],"aioseo_notices":[],"_links":{"self":[{"href":"https:\/\/delamode-estonia.com\/ee\/wp-json\/wp\/v2\/pages\/49"}],"collection":[{"href":"https:\/\/delamode-estonia.com\/ee\/wp-json\/wp\/v2\/pages"}],"about":[{"href":"https:\/\/delamode-estonia.com\/ee\/wp-json\/wp\/v2\/types\/page"}],"author":[{"embeddable":true,"href":"https:\/\/delamode-estonia.com\/ee\/wp-json\/wp\/v2\/users\/1"}],"replies":[{"embeddable":true,"href":"https:\/\/delamode-estonia.com\/ee\/wp-json\/wp\/v2\/comments?post=49"}],"version-history":[{"count":50,"href":"https:\/\/delamode-estonia.com\/ee\/wp-json\/wp\/v2\/pages\/49\/revisions"}],"predecessor-version":[{"id":2989,"href":"https:\/\/delamode-estonia.com\/ee\/wp-json\/wp\/v2\/pages\/49\/revisions\/2989"}],"wp:attachment":[{"href":"https:\/\/delamode-estonia.com\/ee\/wp-json\/wp\/v2\/media?parent=49"}],"curies":[{"name":"wp","href":"https:\/\/api.w.org\/{rel}","templated":true}]}}