{"id":501,"date":"2017-10-18T19:17:16","date_gmt":"2017-10-18T19:17:16","guid":{"rendered":"https:\/\/www.delamode-estonia.com\/?page_id=501"},"modified":"2019-04-16T09:17:54","modified_gmt":"2019-04-16T09:17:54","slug":"delamode-socialineje-ziniasklaidoje","status":"publish","type":"page","link":"https:\/\/delamode-estonia.com\/ee\/delamode-socialineje-ziniasklaidoje\/","title":{"rendered":"Delamode sotsiaalmeedias"},"content":{"rendered":"<p><\/p>\n<p><img decoding=\"async\" class=\"size-full wp-image-837 aligncenter\" src=\"https:\/\/blanchedalmond-skunk-654286.hostingersite.com\/wp-content\/uploads\/2018\/02\/social-media.jpg\" alt=\"\" width=\"100%\" srcset=\"https:\/\/delamode-estonia.com\/wp-content\/uploads\/2018\/02\/social-media.jpg 1100w, https:\/\/delamode-estonia.com\/wp-content\/uploads\/2018\/02\/social-media-300x82.jpg 300w, https:\/\/delamode-estonia.com\/wp-content\/uploads\/2018\/02\/social-media-768x209.jpg 768w, https:\/\/delamode-estonia.com\/wp-content\/uploads\/2018\/02\/social-media-1024x279.jpg 1024w\" sizes=\"(max-width: 1100px) 100vw, 1100px\" \/><\/p>\n<p>J\u00e4lgi meie sotsiaalmeedia kontosid, et olla kursis Delamode Groupi viimaste uudiste ja s\u00fcndmustega.<\/p>\n<ul>\n<li>J\u00e4lgi Delamode tegemisi\u00a0<a href=\"https:\/\/twitter.com\/delamodegroup\" target=\"_blank\" rel=\"noopener\">Twitteris<\/a><\/li>\n<li>J\u00e4lgi Delamode tegemisi\u00a0<a href=\"http:\/\/www.linkedin.com\/company\/2260601\" target=\"_blank\" rel=\"noopener\">Linkedin-is<\/a><\/li>\n<li>J\u00e4lgi Delamode tegemisi\u00a0<a href=\"http:\/\/www.facebook.com\/pages\/Delamode\/418459234888692\" target=\"_blank\" rel=\"noopener\">Facebookis<\/a><\/li>\n<\/ul>\n<p><\/p>","protected":false},"excerpt":{"rendered":"<p>J\u00e4lgi meie sotsiaalmeedia kontosid, et olla kursis Delamode Groupi viimaste uudiste ja s\u00fcndmustega. J\u00e4lgi Delamode tegemisi\u00a0Twitteris J\u00e4lgi Delamode tegemisi\u00a0Linkedin-is J\u00e4lgi Delamode tegemisi\u00a0Facebookis<\/p>\n","protected":false},"author":1,"featured_media":0,"parent":0,"menu_order":0,"comment_status":"closed","ping_status":"closed","template":"pages\/certificates.php","meta":[],"acf":[],"aioseo_notices":[],"_links":{"self":[{"href":"https:\/\/delamode-estonia.com\/ee\/wp-json\/wp\/v2\/pages\/501"}],"collection":[{"href":"https:\/\/delamode-estonia.com\/ee\/wp-json\/wp\/v2\/pages"}],"about":[{"href":"https:\/\/delamode-estonia.com\/ee\/wp-json\/wp\/v2\/types\/page"}],"author":[{"embeddable":true,"href":"https:\/\/delamode-estonia.com\/ee\/wp-json\/wp\/v2\/users\/1"}],"replies":[{"embeddable":true,"href":"https:\/\/delamode-estonia.com\/ee\/wp-json\/wp\/v2\/comments?post=501"}],"version-history":[{"count":3,"href":"https:\/\/delamode-estonia.com\/ee\/wp-json\/wp\/v2\/pages\/501\/revisions"}],"predecessor-version":[{"id":1651,"href":"https:\/\/delamode-estonia.com\/ee\/wp-json\/wp\/v2\/pages\/501\/revisions\/1651"}],"wp:attachment":[{"href":"https:\/\/delamode-estonia.com\/ee\/wp-json\/wp\/v2\/media?parent=501"}],"curies":[{"name":"wp","href":"https:\/\/api.w.org\/{rel}","templated":true}]}}